{"id":26560,"date":"2023-07-07T14:05:21","date_gmt":"2023-07-07T12:05:21","guid":{"rendered":"https:\/\/kftitration.com\/?page_id=26560"},"modified":"2023-07-28T18:30:00","modified_gmt":"2023-07-28T16:30:00","slug":"privacy-policy","status":"publish","type":"page","link":"https:\/\/kftitration.com\/es\/privacy-policy","title":{"rendered":"Pol\u00edtica de Privacidad"},"content":{"rendered":"<div style=\"height:20px\" aria-hidden=\"true\" class=\"wp-block-spacer\"><\/div>\n\n\n\n<h2 class=\"wp-block-heading\">Pol\u00edtica de Privacidad<\/h2>\n\n\n\n<p>Bienvenido a https:\/\/kftitration.com. Entendemos que la privacidad en l\u00ednea es importante para los usuarios de nuestro sitio. Esta declaraci\u00f3n rige nuestras pol\u00edticas de privacidad con respecto a los usuarios del sitio que visitan sin realizar transacciones comerciales y los visitantes que se registran para realizar transacciones comerciales en el sitio y hacer uso de los diversos servicios ofrecidos por Cobaltic sp. z o. o.<\/p>\n\n\n\n<h3 class=\"wp-block-heading\">Informaci\u00f3n que recogemos<\/h3>\n\n\n\n<p style=\"margin-bottom:var(--wp--preset--spacing--20)\">Recogemos informaci\u00f3n sobre usted durante el proceso de compra en nuestra tienda. Mientras visita nuestro sitio, realizaremos un seguimiento de los productos que ha visto: lo utilizaremos, por ejemplo, para mostrarle los productos que ha visto recientemente. Tambi\u00e9n utilizaremos cookies para hacer un seguimiento del contenido de su carrito mientras navega por nuestro sitio. <\/p>\n\n\n\n<p style=\"margin-bottom:var(--wp--preset--spacing--20)\">Cuando nos compre, le pediremos que nos facilite informaci\u00f3n como su nombre de usuario y contrase\u00f1a, su nombre, direcci\u00f3n de facturaci\u00f3n, direcci\u00f3n de env\u00edo, direcci\u00f3n de correo electr\u00f3nico, datos de la tarjeta de cr\u00e9dito\/pago e informaci\u00f3n opcional como el nombre de su empresa con CIF y n\u00famero de tel\u00e9fono. Utilizaremos esta informaci\u00f3n para fines tales como:<\/p>\n\n\n\n<div class=\"wp-block-uagb-icon-list uagb-block-b10554dd\"><div class=\"uagb-icon-list__wrap\">\n<div class=\"wp-block-uagb-icon-list-child uagb-block-05736e30\"><span class=\"uagb-icon-list__label\">- configurar su cuenta para nuestra tienda,<\/span><\/div>\n\n\n\n<div class=\"wp-block-uagb-icon-list-child uagb-block-42b41bac\"><span class=\"uagb-icon-list__label\">- procesar los pagos y evitar el fraude,<\/span><\/div>\n\n\n\n<div class=\"wp-block-uagb-icon-list-child uagb-block-7ec1f72d\"><span class=\"uagb-icon-list__label\">- enviarle informaci\u00f3n sobre su cuenta y su pedido,<\/span><\/div>\n\n\n\n<div class=\"wp-block-uagb-icon-list-child uagb-block-80b355f3\"><span class=\"uagb-icon-list__label\">- enviarle una factura por su pedido,<\/span><\/div>\n\n\n\n<div class=\"wp-block-uagb-icon-list-child uagb-block-caec521a\"><span class=\"uagb-icon-list__label\">- responder a sus solicitudes, incluidas devoluciones y reclamaciones,<\/span><\/div>\n\n\n\n<div class=\"wp-block-uagb-icon-list-child uagb-block-c389d82d\"><span class=\"uagb-icon-list__label\">- cumplir con cualquier obligaci\u00f3n legal que tengamos, como el c\u00e1lculo de impuestos,<\/span><\/div>\n\n\n\n<div class=\"wp-block-uagb-icon-list-child uagb-block-8e1afcf7\"><span class=\"uagb-icon-list__label\">- mejorar nuestra oferta comercial,<\/span><\/div>\n\n\n\n<div class=\"wp-block-uagb-icon-list-child uagb-block-68c29f2e\"><span class=\"uagb-icon-list__label\">- enviarle mensajes de marketing, si decide recibirlos.<\/span><\/div>\n<\/div><\/div>\n\n\n\n<p style=\"margin-top:var(--wp--preset--spacing--20);margin-bottom:var(--wp--preset--spacing--20)\">Almacenamos el progreso del curso, incluido el estado de finalizaci\u00f3n, las puntuaciones de los cuestionarios, las tareas y\/o los env\u00edos de ensayos (si procede). Tambi\u00e9n almacenamos comentarios sobre cursos, lecciones, temas, tareas y ensayos si decide dejarlos. Cuando deja alg\u00fan comentario en el sitio, recogemos los datos que aparecen en el formulario de comentarios, as\u00ed como su direcci\u00f3n IP y la cadena de agente de usuario del navegador para ayudar a la detecci\u00f3n de spam.<\/p>\n\n\n\n<p>Si se ha suscrito al bolet\u00edn de noticias de KFT o si es miembro de nuestro sitio web (puede iniciar sesi\u00f3n) o si ha comprado en nuestro sitio web, es muy probable que reciba correos electr\u00f3nicos nuestros. S\u00f3lo le enviaremos correos electr\u00f3nicos que haya suscrito para recibirlos o que est\u00e9n relacionados con los servicios que le hemos prestado. Para enviarle correos electr\u00f3nicos, utilizamos el nombre y la direcci\u00f3n de correo electr\u00f3nico que nos proporciona. Nuestro sitio tambi\u00e9n registra la direcci\u00f3n IP que usted utiliz\u00f3 cuando se suscribi\u00f3 al servicio para evitar abusos del sistema. Este sitio web puede enviar correos electr\u00f3nicos a trav\u00e9s del&nbsp;<a href=\"https:\/\/www.mailpoet.com\/privacy-notice\/\" target=\"_blank\" rel=\"noreferrer noopener\">Servicio de Env\u00edo MailPoet<\/a>. Este servicio nos permite rastrear las aperturas y los clics en nuestros correos electr\u00f3nicos. Utilizamos esta informaci\u00f3n para mejorar el contenido de nuestros boletines. No se rastrea ninguna informaci\u00f3n identificable fuera de este sitio web, salvo la direcci\u00f3n de correo electr\u00f3nico.<\/p>\n\n\n\n<h3 class=\"wp-block-heading\">Formularios de contacto<\/h3>\n\n\n\n<p>Almacenamos los formularios de contacto para procesar las solicitudes, ajustar la oferta y optimizar el funcionamiento del sitio web. <\/p>\n\n\n\n<h3 class=\"wp-block-heading\">Suscripciones<\/h3>\n\n\n\n<p>Si se suscribe a mi bolet\u00edn de noticias, le enviar\u00e9 actualizaciones sobre: nuevos contenidos en el sitio web y otra informaci\u00f3n relacionada con la valoraci\u00f3n de Karl Fischer. Su informaci\u00f3n se guarda en el servidor en una lista de correo. El correo electr\u00f3nico incluye un enlace para darse de baja, que eliminar\u00e1 su informaci\u00f3n de la lista de correo.<\/p>\n\n\n\n<h3 class=\"wp-block-heading\">Medios<\/h3>\n\n\n\n<p>Si subes im\u00e1genes al sitio web, debes evitar subir im\u00e1genes con datos de localizaci\u00f3n incrustados (EXIF GPS) incluidos. Los visitantes del sitio web pueden descargar y extraer cualquier dato de localizaci\u00f3n de las im\u00e1genes del sitio web.<\/p>\n\n\n\n<h3 class=\"wp-block-heading\">Cookies<\/h3>\n\n\n\n<p style=\"margin-bottom:var(--wp--preset--spacing--20)\">Si deja un comentario en nuestro sitio, puede optar por guardar su nombre, direcci\u00f3n de correo electr\u00f3nico y sitio web en cookies. Esto es para su comodidad, para que no tenga que volver a rellenar sus datos cuando deje otro comentario. Estas cookies durar\u00e1n un a\u00f1o.<\/p>\n\n\n\n<p style=\"margin-bottom:var(--wp--preset--spacing--20)\">Si visita nuestra p\u00e1gina de inicio de sesi\u00f3n, instalaremos una cookie temporal para determinar si su navegador acepta cookies. Esta cookie no contiene datos personales y se desecha al cerrar el navegador.<\/p>\n\n\n\n<p>Cuando inicie sesi\u00f3n, tambi\u00e9n instalaremos varias cookies para guardar su informaci\u00f3n de inicio de sesi\u00f3n y sus opciones de visualizaci\u00f3n en pantalla. Las cookies de inicio de sesi\u00f3n duran dos d\u00edas, y las de opciones de pantalla, un a\u00f1o. Si selecciona \u00abRecordarme\u00bb, sus datos de acceso permanecer\u00e1n durante dos semanas. Si sale de su cuenta, se eliminar\u00e1n las cookies de inicio de sesi\u00f3n.<\/p>\n\n\n\n<h3 class=\"wp-block-heading\">Enlaces<\/h3>\n\n\n\n<p>Nuestro sitio contiene enlaces a otros sitios web. Tenga en cuenta que, al hacer clic en uno de estos enlaces, pasar\u00e1 a otro sitio web. Le recomendamos que lea las declaraciones de privacidad de estos sitios enlazados, ya que sus pol\u00edticas de privacidad pueden diferir de las nuestras.<\/p>\n\n\n\n<h3 class=\"wp-block-heading\">Contenido incrustado de otros sitios web<\/h3>\n\n\n\n<p>Los art\u00edculos de este sitio pueden incluir contenido incrustado (por ejemplo, v\u00eddeos, im\u00e1genes, art\u00edculos, etc.). El contenido incrustado de otros sitios web se comporta exactamente igual que si el visitante hubiera visitado el otro sitio web. Estos sitios web pueden recopilar datos sobre usted, utilizar cookies, incrustar seguimiento adicional de terceros y supervisar su interacci\u00f3n con ese contenido incrustado, incluido el seguimiento de su interacci\u00f3n con el contenido incrustado si tiene una cuenta y ha iniciado sesi\u00f3n en ese sitio web.<\/p>\n\n\n\n<h3 class=\"wp-block-heading\">Qui\u00e9n tiene acceso a sus datos<\/h3>\n\n\n\n<p style=\"margin-bottom:var(--wp--preset--spacing--20)\">Los administradores del sitio web tienen acceso a la informaci\u00f3n que usted nos proporciona y pueden acceder a: <\/p>\n\n\n\n<div class=\"wp-block-uagb-icon-list uagb-block-acfb4e25\"><div class=\"uagb-icon-list__wrap\">\n<div class=\"wp-block-uagb-icon-list-child uagb-block-acd3025a\"><span class=\"uagb-icon-list__label\">- informaci\u00f3n del pedido, como qu\u00e9 se compr\u00f3, los cursos en los que est\u00e1 matriculado, el progreso del curso y cu\u00e1ndo se compr\u00f3,<\/span><\/div>\n\n\n\n<div class=\"wp-block-uagb-icon-list-child uagb-block-15bb39ef\"><span class=\"uagb-icon-list__label\">- informaci\u00f3n del cliente como su nombre, nombre de la empresa con CIF, direcci\u00f3n de correo electr\u00f3nico, n\u00famero de tel\u00e9fono e informaci\u00f3n de facturaci\u00f3n y env\u00edo,<\/span><\/div>\n\n\n\n<div class=\"wp-block-uagb-icon-list-child uagb-block-e4457303\"><span class=\"uagb-icon-list__label\">- cualquier informaci\u00f3n adicional a\u00f1adida en su Perfil de Usuario.<\/span><\/div>\n<\/div><\/div>\n\n\n\n<p style=\"margin-top:var(--wp--preset--spacing--20)\">Los administradores del sitio web tienen acceso a esta informaci\u00f3n para ayudar a tramitar los pedidos, procesar los reembolsos y prestarle asistencia. <\/p>\n\n\n\n<h3 class=\"wp-block-heading\">Con qui\u00e9n compartimos sus datos<\/h3>\n\n\n\n<p style=\"margin-bottom:var(--wp--preset--spacing--20)\">Compartimos informaci\u00f3n con terceros que nos ayudan a optimizar nuestro sitio web y a proporcionarle nuestros servicios de pedidos y tienda. <\/p>\n\n\n\n<p style=\"margin-bottom:var(--wp--preset--spacing--20)\">Utilizamos Google Analytics para recopilar datos. Necesitamos estos datos para entender c\u00f3mo utiliza nuestro sitio web y as\u00ed poder mejorar su dise\u00f1o y funcionalidad. Para ver c\u00f3mo Google recopila y procesa sus datos, vaya a la p\u00e1gina <a href=\"https:\/\/policies.google.com\/privacy#infocollect\" target=\"_blank\" rel=\"noopener\" title=\"Pol\u00edticas de Google\"><mark style=\"background-color:rgba(0, 0, 0, 0)\" class=\"has-inline-color has-ast-global-color-0-color\">Pol\u00edticas de Google<\/mark><\/a>. <\/p>\n\n\n\n<p style=\"margin-bottom:var(--wp--preset--spacing--20)\">Los datos de Google Analytics son procesados para nosotros por MonsterInsights. Consulte la <a href=\"https:\/\/www.monsterinsights.com\/privacy-policy\/\" target=\"_blank\" rel=\"noopener\" title=\"Pol\u00edtica de Privacidad de MonsterInsights\"><mark style=\"background-color:rgba(0, 0, 0, 0)\" class=\"has-inline-color has-ast-global-color-0-color\">Pol\u00edtica de Privacidad de MonsterInsights<\/mark><\/a> para m\u00e1s detalles. <\/p>\n\n\n\n<p style=\"margin-bottom:var(--wp--preset--spacing--20)\">Aceptamos pagos a trav\u00e9s de PayPal. Al procesar los pagos, algunos de sus datos se pasar\u00e1n a PayPal, incluida la informaci\u00f3n necesaria para procesar o respaldar el pago, como el total de la compra y la informaci\u00f3n de facturaci\u00f3n. Consulte la&nbsp;<a href=\"https:\/\/www.paypal.com\/us\/legalhub\/privacy-full\" target=\"_blank\" rel=\"noopener\" title=\"Pol\u00edtica de Privacidad de PayPal\"><mark style=\"background-color:rgba(0, 0, 0, 0)\" class=\"has-inline-color has-ast-global-color-0-color\">Pol\u00edtica de Privacidad de PayPal<\/mark><\/a> para m\u00e1s detalles.<\/p>\n\n\n\n<p style=\"margin-bottom:var(--wp--preset--spacing--20)\">Utilizamos MailPoet para enviar boletines informativos. Consulte la <a href=\"https:\/\/automattic.com\/privacy\/\" target=\"_blank\" rel=\"noopener\" title=\"\">Pol\u00edtica de Privacidad de MailPoet<\/a> para m\u00e1s detalles. <\/p>\n\n\n\n<p style=\"margin-bottom:var(--wp--preset--spacing--20)\">Los comentarios pueden ser controlados por un servicio automatizado de detecci\u00f3n de spam.<\/p>\n\n\n\n<p>Los datos de los usuarios pueden ser compartidos con nuestro proveedor de hosting. Consulte la <a href=\"https:\/\/www.hostinger.com\/privacy-policy\" target=\"_blank\" rel=\"noopener\" title=\"Pol\u00edtica de Privacidad de Hostinger\"><mark style=\"background-color:rgba(0, 0, 0, 0)\" class=\"has-inline-color has-ast-global-color-0-color\">Pol\u00edtica de Privacidad de Hostinger<\/mark><\/a> para m\u00e1s detalles. <\/p>\n\n\n\n<h3 class=\"wp-block-heading\">Cu\u00e1nto tiempo conservamos sus datos<\/h3>\n\n\n\n<p style=\"margin-bottom:var(--wp--preset--spacing--20)\">Por lo general, almacenamos la informaci\u00f3n sobre usted mientras la necesitamos para los fines para los que la recopilamos y utilizamos, y no estamos legalmente obligados a seguir conserv\u00e1ndola. Por ejemplo, almacenaremos la informaci\u00f3n de los pedidos durante 5 a\u00f1os a efectos fiscales y contables. Esto incluye su nombre, nombre de la empresa con CIF, direcci\u00f3n de correo electr\u00f3nico, n\u00famero de tel\u00e9fono y direcciones de facturaci\u00f3n y env\u00edo.<\/p>\n\n\n\n<p style=\"margin-bottom:var(--wp--preset--spacing--20)\">Si crea una cuenta, almacenaremos su nombre, nombre de la empresa con CIF, direcci\u00f3n, correo electr\u00f3nico y n\u00famero de tel\u00e9fono, que se utilizar\u00e1n para rellenar la caja en futuros pedidos. Almacenaremos esta informaci\u00f3n mientras exista su cuenta. Tambi\u00e9n almacenaremos sus comentarios o valoraciones, si decide dejarlos.<\/p>\n\n\n\n<p>Su informaci\u00f3n personal se almacena de forma segura y no es accesible a terceros, excepto para el uso indicado anteriormente.<\/p>\n\n\n\n<h3 class=\"wp-block-heading\">Qu\u00e9 derechos tiene sobre sus datos<\/h3>\n\n\n\n<p style=\"margin-bottom:var(--wp--preset--spacing--20)\">Si tiene una cuenta en este sitio, puede solicitar que le enviemos un archivo exportado de los datos personales que tenemos sobre usted, incluidos los que nos haya facilitado. Tambi\u00e9n puede solicitar que borremos cualquier dato personal que tengamos sobre usted. Esto no incluye los datos que estamos obligados a conservar con fines administrativos, legales o de seguridad.<\/p>\n\n\n\n<p>Todos los usuarios registrados pueden ver, editar o borrar su informaci\u00f3n personal en cualquier momento (excepto que no pueden cambiar su nombre de usuario). Los administradores del sitio web tambi\u00e9n pueden ver y editar esa informaci\u00f3n.<\/p>\n\n\n\n<h3 class=\"wp-block-heading\">Datos de contacto<\/h3>\n\n\n\n<p>Para cualquier pregunta relacionada con esta Pol\u00edtica o cualquier solicitud relativa al tratamiento de datos personales, p\u00f3ngase en contacto con nosotros rellenando un <a href=\"https:\/\/kftitration.com\/es\/contact\/\" title=\"formulario de contacto\"><mark style=\"background-color:rgba(0, 0, 0, 0)\" class=\"has-inline-color has-ast-global-color-0-color\">formulario de contacto<\/mark><\/a>. <\/p>\n\n\n\n<div style=\"height:30px\" aria-hidden=\"true\" class=\"wp-block-spacer\"><\/div>","protected":false},"excerpt":{"rendered":"<p>Privacy Policy Welcome to https:\/\/kftitration.com. We understand that privacy online is important to users of our site. This statement governs our privacy policies with respect to those users of the site who visit without transacting business and visitors who register to transact business on the site and make use of the various services offered by [&hellip;]<\/p>\n","protected":false},"author":1,"featured_media":0,"parent":0,"menu_order":0,"comment_status":"closed","ping_status":"closed","template":"","meta":{"_uag_custom_page_level_css":"","_monsterinsights_skip_tracking":false,"_monsterinsights_sitenote_active":false,"_monsterinsights_sitenote_note":"","_monsterinsights_sitenote_category":0,"site-sidebar-layout":"default","site-content-layout":"","ast-site-content-layout":"","site-content-style":"default","site-sidebar-style":"default","ast-global-header-display":"","ast-banner-title-visibility":"","ast-main-header-display":"","ast-hfb-above-header-display":"","ast-hfb-below-header-display":"","ast-hfb-mobile-header-display":"","site-post-title":"disabled","ast-breadcrumbs-content":"","ast-featured-img":"","footer-sml-layout":"","theme-transparent-header-meta":"","adv-header-id-meta":"","stick-header-meta":"","header-above-stick-meta":"","header-main-stick-meta":"","header-below-stick-meta":"","astra-migrate-meta-layouts":"default","ast-page-background-enabled":"default","ast-page-background-meta":{"desktop":{"background-color":"","background-image":"","background-repeat":"repeat","background-position":"center center","background-size":"auto","background-attachment":"scroll","background-type":"","background-media":"","overlay-type":"","overlay-color":"","overlay-opacity":"","overlay-gradient":""},"tablet":{"background-color":"","background-image":"","background-repeat":"repeat","background-position":"center center","background-size":"auto","background-attachment":"scroll","background-type":"","background-media":"","overlay-type":"","overlay-color":"","overlay-opacity":"","overlay-gradient":""},"mobile":{"background-color":"","background-image":"","background-repeat":"repeat","background-position":"center center","background-size":"auto","background-attachment":"scroll","background-type":"","background-media":"","overlay-type":"","overlay-color":"","overlay-opacity":"","overlay-gradient":""}},"ast-content-background-meta":{"desktop":{"background-color":"var(--ast-global-color-5)","background-image":"","background-repeat":"repeat","background-position":"center center","background-size":"auto","background-attachment":"scroll","background-type":"","background-media":"","overlay-type":"","overlay-color":"","overlay-opacity":"","overlay-gradient":""},"tablet":{"background-color":"var(--ast-global-color-5)","background-image":"","background-repeat":"repeat","background-position":"center center","background-size":"auto","background-attachment":"scroll","background-type":"","background-media":"","overlay-type":"","overlay-color":"","overlay-opacity":"","overlay-gradient":""},"mobile":{"background-color":"var(--ast-global-color-5)","background-image":"","background-repeat":"repeat","background-position":"center center","background-size":"auto","background-attachment":"scroll","background-type":"","background-media":"","overlay-type":"","overlay-color":"","overlay-opacity":"","overlay-gradient":""}},"footnotes":""},"class_list":["post-26560","page","type-page","status-publish","hentry"],"aioseo_notices":[],"uagb_featured_image_src":{"full":false,"thumbnail":false,"medium":false,"medium_large":false,"large":false,"1536x1536":false,"2048x2048":false,"trp-custom-language-flag":false,"mailpoet_newsletter_max":false,"woocommerce_thumbnail":false,"woocommerce_single":false,"woocommerce_gallery_thumbnail":false},"uagb_author_info":{"display_name":"Agnieszka Kossakowska","author_link":"https:\/\/kftitration.com\/es\/author\/aga-cobalticgmail-com"},"uagb_comment_info":0,"uagb_excerpt":"Privacy Policy Welcome to https:\/\/kftitration.com. We understand that privacy online is important to users of our site. This statement governs our privacy policies with respect to those users of the site who visit without transacting business and visitors who register to transact business on the site and make use of the various services offered by&hellip;","_links":{"self":[{"href":"https:\/\/kftitration.com\/es\/wp-json\/wp\/v2\/pages\/26560","targetHints":{"allow":["GET"]}}],"collection":[{"href":"https:\/\/kftitration.com\/es\/wp-json\/wp\/v2\/pages"}],"about":[{"href":"https:\/\/kftitration.com\/es\/wp-json\/wp\/v2\/types\/page"}],"author":[{"embeddable":true,"href":"https:\/\/kftitration.com\/es\/wp-json\/wp\/v2\/users\/1"}],"replies":[{"embeddable":true,"href":"https:\/\/kftitration.com\/es\/wp-json\/wp\/v2\/comments?post=26560"}],"version-history":[{"count":38,"href":"https:\/\/kftitration.com\/es\/wp-json\/wp\/v2\/pages\/26560\/revisions"}],"predecessor-version":[{"id":28034,"href":"https:\/\/kftitration.com\/es\/wp-json\/wp\/v2\/pages\/26560\/revisions\/28034"}],"wp:attachment":[{"href":"https:\/\/kftitration.com\/es\/wp-json\/wp\/v2\/media?parent=26560"}],"curies":[{"name":"wp","href":"https:\/\/api.w.org\/{rel}","templated":true}]}}