{"id":25407,"date":"2020-09-16T05:09:49","date_gmt":"2020-09-16T05:09:49","guid":{"rendered":"https:\/\/kftitration.com\/home\/"},"modified":"2026-03-17T21:55:14","modified_gmt":"2026-03-17T20:55:14","slug":"home","status":"publish","type":"page","link":"https:\/\/kftitration.com\/es\/","title":{"rendered":"Inicio"},"content":{"rendered":"<div class=\"wp-block-uagb-container uagb-block-869de398 alignwide uagb-is-root-container\">\n<div class=\"wp-block-uagb-container uagb-block-7abd3b6f\">\n<div class=\"wp-block-uagb-container uagb-block-35029de5\">\n<div class=\"wp-block-uagb-advanced-heading uagb-block-d034083b\"><h1 class=\"uagb-heading-text\">Todo Sobre la Valoraci\u00f3n de Karl Fischer<\/h1><\/div>\n<\/div>\n<\/div>\n<\/div>\n\n\n\n<div class=\"wp-block-uagb-container uagb-block-6bde19ff alignfull uagb-is-root-container\"><div class=\"uagb-container-inner-blocks-wrap\">\n<div class=\"wp-block-uagb-container uagb-block-75f87fca\">\n<div class=\"wp-block-uagb-container uagb-block-f704e056\">\n<div class=\"wp-block-uagb-info-box uagb-block-8a31465b uagb-infobox__content-wrap  uagb-infobox-icon-above-title uagb-infobox-image-valign-top\"><div class=\"uagb-ifb-content\"><div class=\"uagb-ifb-icon-wrap\"><svg xmlns=\"https:\/\/www.w3.org\/2000\/svg\" viewbox=\"0 0 384 512\"><path d=\"M288 358.3c13.98-8.088 17.53-30.04 28.88-41.39c11.35-11.35 33.3-14.88 41.39-28.87c7.98-13.79 .1658-34.54 4.373-50.29C366.7 222.5 383.1 208.5 383.1 192c0-16.5-17.27-30.52-21.34-45.73c-4.207-15.75 3.612-36.5-4.365-50.29c-8.086-13.98-30.03-17.52-41.38-28.87c-11.35-11.35-14.89-33.3-28.87-41.39c-13.79-7.979-34.54-.1637-50.29-4.375C222.5 17.27 208.5 0 192 0C175.5 0 161.5 17.27 146.3 21.34C130.5 25.54 109.8 17.73 95.98 25.7C82 33.79 78.46 55.74 67.11 67.08C55.77 78.43 33.81 81.97 25.72 95.95C17.74 109.7 25.56 130.5 21.35 146.2C17.27 161.5 .0008 175.5 .0008 192c0 16.5 17.27 30.52 21.34 45.73c4.207 15.75-3.615 36.5 4.361 50.29C33.8 302 55.74 305.5 67.08 316.9c11.35 11.35 14.89 33.3 28.88 41.4c13.79 7.979 34.53 .1582 50.28 4.369C161.5 366.7 175.5 384 192 384c16.5 0 30.52-17.27 45.74-21.34C253.5 358.5 274.2 366.3 288 358.3zM112 192c0-44.27 35.81-80 80-80s80 35.73 80 80c0 44.17-35.81 80-80 80S112 236.2 112 192zM1.719 433.2c-3.25 8.188-1.781 17.48 3.875 24.25c5.656 6.75 14.53 9.898 23.12 8.148l45.19-9.035l21.43 42.27C99.46 507 107.6 512 116.7 512c.3438 0 .6641-.0117 1.008-.0273c9.5-.375 17.65-6.082 21.24-14.88l33.58-82.08c-53.71-4.639-102-28.12-138.2-63.95L1.719 433.2zM349.6 351.1c-36.15 35.83-84.45 59.31-138.2 63.95l33.58 82.08c3.594 8.797 11.74 14.5 21.24 14.88C266.6 511.1 266.1 512 267.3 512c9.094 0 17.23-4.973 21.35-13.14l21.43-42.28l45.19 9.035c8.594 1.75 17.47-1.398 23.12-8.148c5.656-6.766 7.125-16.06 3.875-24.25L349.6 351.1z\"><\/path><\/svg><\/div><div class=\"uagb-ifb-title-wrap\"><h3 class=\"uagb-ifb-title\"><a href=\"https:\/\/kftitration.com\/es\/kft-trainings\/\" title=\"\"><mark style=\"background-color:rgba(0, 0, 0, 0)\" class=\"has-inline-color has-ast-global-color-6-color\">Formaciones<\/mark><\/a><\/h3><\/div><p class=\"uagb-ifb-desc\"> Cursos de valoraci\u00f3n KF desde el nivel b\u00e1sico hasta el nivel avanzado. Confirma tus conocimientos con el Certificado de Finalizaci\u00f3n. <\/p><\/div><\/div>\n<\/div>\n\n\n\n<div class=\"wp-block-uagb-container uagb-block-bca2eed7\">\n<div class=\"wp-block-uagb-info-box uagb-block-b98907ab uagb-infobox__content-wrap  uagb-infobox-icon-above-title uagb-infobox-image-valign-top\"><div class=\"uagb-ifb-content\"><div class=\"uagb-ifb-icon-wrap\"><svg xmlns=\"https:\/\/www.w3.org\/2000\/svg\" viewbox=\"0 0 512 512\"><path d=\"M0 219.2v212.5c0 14.25 11.62 26.25 26.5 27C75.32 461.2 180.2 471.3 240 511.9V245.2C181.4 205.5 79.99 194.8 29.84 192C13.59 191.1 0 203.6 0 219.2zM482.2 192c-50.09 2.848-151.3 13.47-209.1 53.09C272.1 245.2 272 245.3 272 245.5v266.5c60.04-40.39 164.7-50.76 213.5-53.28C500.4 457.9 512 445.9 512 431.7V219.2C512 203.6 498.4 191.1 482.2 192zM352 96c0-53-43-96-96-96S160 43 160 96s43 96 96 96S352 149 352 96z\"><\/path><\/svg><\/div><div class=\"uagb-ifb-title-wrap\"><h3 class=\"uagb-ifb-title\"> <a href=\"https:\/\/kftitration.com\/es\/databases\/\" title=\"\"><mark style=\"background-color:rgba(0, 0, 0, 0)\" class=\"has-inline-color has-ast-global-color-6-color\">Bases de Datos<\/mark><\/a><\/h3><\/div><p class=\"uagb-ifb-desc\"> \u00bfAcostumbrado a un valorador antiguo y a los mismos reactivos de siempre? El mundo KF est\u00e1 en constante crecimiento. Descubra lo que hay disponible hoy en d\u00eda.<\/p><\/div><\/div>\n<\/div>\n\n\n\n<div class=\"wp-block-uagb-container uagb-block-faebe995\">\n<div class=\"wp-block-uagb-info-box uagb-block-2bf95bb4 uagb-infobox__content-wrap  uagb-infobox-icon-above-title uagb-infobox-image-valign-top\"><div class=\"uagb-ifb-content\"><div class=\"uagb-ifb-icon-wrap\"><svg xmlns=\"https:\/\/www.w3.org\/2000\/svg\" viewbox=\"0 0 640 512\"><path d=\"M416 176C416 78.8 322.9 0 208 0S0 78.8 0 176c0 39.57 15.62 75.96 41.67 105.4c-16.39 32.76-39.23 57.32-39.59 57.68c-2.1 2.205-2.67 5.475-1.441 8.354C1.9 350.3 4.602 352 7.66 352c38.35 0 70.76-11.12 95.74-24.04C134.2 343.1 169.8 352 208 352C322.9 352 416 273.2 416 176zM599.6 443.7C624.8 413.9 640 376.6 640 336C640 238.8 554 160 448 160c-.3145 0-.6191 .041-.9336 .043C447.5 165.3 448 170.6 448 176c0 98.62-79.68 181.2-186.1 202.5C282.7 455.1 357.1 512 448 512c33.69 0 65.32-8.008 92.85-21.98C565.2 502 596.1 512 632.3 512c3.059 0 5.76-1.725 7.02-4.605c1.229-2.879 .6582-6.148-1.441-8.354C637.6 498.7 615.9 475.3 599.6 443.7z\"><\/path><\/svg><\/div><div class=\"uagb-ifb-title-wrap\"><h3 class=\"uagb-ifb-title\"> <a href=\"https:\/\/kftitration.com\/es\/contact\/\" title=\"\"><mark style=\"background-color:rgba(0, 0, 0, 0)\" class=\"has-inline-color has-ast-global-color-6-color\">Soporte T\u00e9cnico<\/mark><\/a><\/h3><\/div><p class=\"uagb-ifb-desc\"> \u00bfTienes problemas con el an\u00e1lisis de determinaci\u00f3n del agua? Pide a un experto en valoraci\u00f3n KF la formaci\u00f3n a medida o asistencia individual. <\/p><\/div><\/div>\n<\/div>\n<\/div>\n<\/div><\/div>\n\n\n\n<div class=\"wp-block-uagb-container uagb-block-a1c316af alignfull uagb-is-root-container\"><div class=\"uagb-container-inner-blocks-wrap\">\n<div class=\"wp-block-columns is-layout-flex wp-container-core-columns-is-layout-28f84493 wp-block-columns-is-layout-flex\">\n<div class=\"wp-block-column is-layout-flow wp-block-column-is-layout-flow\" style=\"flex-basis:100%\">\n<div class=\"wp-block-uagb-container uagb-block-5940985b\">\n<div class=\"wp-block-uagb-info-box uagb-block-eb1db99e uagb-infobox__content-wrap  uagb-infobox-icon-above-title uagb-infobox-image-valign-top\"><div class=\"uagb-ifb-content\"><div class=\"uagb-ifb-title-wrap\"><h3 class=\"uagb-ifb-title\"><mark style=\"background-color:rgba(0, 0, 0, 0)\" class=\"has-inline-color has-ast-global-color-6-color\">\u00bfPor Qu\u00e9 Aprender <\/mark>la Valoraci\u00f3n de Karl Fischer?<\/h3><\/div><p class=\"uagb-ifb-desc\">La valoraci\u00f3n de Karl Fischer (KF) es un m\u00e9todo anal\u00edtico que mide el contenido de agua en diferentes tipos de muestras. Se utiliza ampliamente en todas las industrias, tanto en los laboratorios de control de calidad como en los de investigaci\u00f3n y desarrollo. El contenido de agua puede afectar a muchas propiedades (como la calidad, la vida \u00fatil, la seguridad, la textura o la reactividad), por lo que muy a menudo se incluye en las especificaciones, y no s\u00f3lo del producto final, sino tambi\u00e9n de las materias primas que se utilizan en su producci\u00f3n. Aprende y convi\u00e9rtete en un experto en una de las t\u00e9cnicas anal\u00edticas m\u00e1s utilizadas.<\/p><\/div><\/div>\n<\/div>\n<\/div>\n<\/div>\n\n\n\n<div class=\"wp-block-uagb-container uagb-block-352814da\">\n<div class=\"wp-block-columns is-layout-flex wp-container-core-columns-is-layout-28f84493 wp-block-columns-is-layout-flex\">\n<div class=\"wp-block-column is-layout-flow wp-block-column-is-layout-flow\" style=\"flex-basis:33.33%\">\n<div class=\"wp-block-uagb-image aligncenter uagb-block-36b2e8d7 wp-block-uagb-image--layout-default wp-block-uagb-image--effect-static wp-block-uagb-image--align-center\"><figure class=\"wp-block-uagb-image__figure\"><img decoding=\"async\" srcset=\"https:\/\/kftitration.com\/wp-content\/uploads\/2023\/05\/Aga-700-x-700-px.jpg \" sizes=\"auto, (max-width: 480px) 150px\" src=\"https:\/\/kftitration.com\/wp-content\/uploads\/2023\/05\/Aga-700-x-700-px.jpg\" alt=\"Aga\" class=\"uag-image-26483\" width=\"700\" height=\"700\" title=\"\" loading=\"lazy\" role=\"img\"\/><\/figure><\/div>\n<\/div>\n\n\n\n<div class=\"wp-block-column is-layout-flow wp-block-column-is-layout-flow\" style=\"flex-basis:66.66%\">\n<div class=\"wp-block-uagb-advanced-heading uagb-block-bdeca030\"><h2 class=\"uagb-heading-text\"><strong>Conoce a Tu Experto en Valoraci\u00f3n KF<\/strong><\/h2><p class=\"uagb-desc-text\">\u00a1Hola! Mi nombre es <a href=\"https:\/\/www.linkedin.com\/in\/agnieszka-kossakowska-403b7a20\/\" target=\"_blank\" rel=\"noopener\" title=\"\">Agnieszka Kossakowska<\/a>, pero todo el mundo me llama Aga. Es posible que ya me conozcas de mi trabajo anterior en Honeywell Research Chemicals (en el equipo Hydranal) o en Sigma-Aldrich (como representante de ventas). Miles de reuniones y cientos de formaciones crearon en mi mente una visi\u00f3n de portal que cubrir\u00eda las necesidades de muchos laboratorios anal\u00edticos que miden el contenido de agua. As\u00ed que ahora me centro en convertir esta idea en realidad. Espero que lo disfrutes y que formes parte de este proyecto.<\/p><\/div>\n\n\n\n<div class=\"wp-block-columns is-layout-flex wp-container-core-columns-is-layout-28f84493 wp-block-columns-is-layout-flex\">\n<div class=\"wp-block-column is-layout-flow wp-block-column-is-layout-flow\">\n<div class=\"wp-block-uagb-info-box uagb-block-f015c794 uagb-infobox__content-wrap  uagb-infobox-icon-above-title uagb-infobox-image-valign-top\"><div class=\"uagb-ifb-content\"><div class=\"uagb-ifb-title-wrap\"><h2 class=\"uagb-ifb-title\">20+<\/h2><\/div><p class=\"uagb-ifb-desc\">seminarios web KF<\/p><\/div><\/div>\n<\/div>\n\n\n\n<div class=\"wp-block-column is-layout-flow wp-block-column-is-layout-flow\">\n<div class=\"wp-block-uagb-info-box uagb-block-5602810b uagb-infobox__content-wrap  uagb-infobox-icon-above-title uagb-infobox-image-valign-top\"><div class=\"uagb-ifb-content\"><div class=\"uagb-ifb-title-wrap\"><h2 class=\"uagb-ifb-title\">200+<\/h2><\/div><p class=\"uagb-ifb-desc\">seminarios KF<\/p><\/div><\/div>\n<\/div>\n\n\n\n<div class=\"wp-block-column is-layout-flow wp-block-column-is-layout-flow\">\n<div class=\"wp-block-uagb-info-box uagb-block-befad0d0 uagb-infobox__content-wrap  uagb-infobox-icon-above-title uagb-infobox-image-valign-top\"><div class=\"uagb-ifb-content\"><div class=\"uagb-ifb-title-wrap\"><h2 class=\"uagb-ifb-title\">5000+<\/h2><\/div><p class=\"uagb-ifb-desc\">usuarios KF formados<\/p><\/div><\/div>\n<\/div>\n<\/div>\n<\/div>\n<\/div>\n<\/div>\n<\/div><\/div>\n\n\n\n<p><\/p>","protected":false},"excerpt":{"rendered":"<p>Everything About Karl Fischer Titration Meet Your Karl Fischer Titration Expert Hi! My name is Agnieszka Kossakowska, but everyone calls me Aga. You may already know me from my previous work at Honeywell Research Chemicals (as KFT expert) or Sigma-Aldrich (as sales representative). Thousands of meetings and hundreds of trainings created in my mind a [&hellip;]<\/p>\n","protected":false},"author":1,"featured_media":0,"parent":0,"menu_order":0,"comment_status":"closed","ping_status":"closed","template":"","meta":{"_uag_custom_page_level_css":"","_monsterinsights_skip_tracking":false,"_monsterinsights_sitenote_active":false,"_monsterinsights_sitenote_note":"","_monsterinsights_sitenote_category":0,"site-sidebar-layout":"no-sidebar","site-content-layout":"plain-container","ast-site-content-layout":"normal-width-container","site-content-style":"unboxed","site-sidebar-style":"unboxed","ast-global-header-display":"","ast-banner-title-visibility":"","ast-main-header-display":"","ast-hfb-above-header-display":"","ast-hfb-below-header-display":"","ast-hfb-mobile-header-display":"","site-post-title":"disabled","ast-breadcrumbs-content":"","ast-featured-img":"disabled","footer-sml-layout":"","theme-transparent-header-meta":"enabled","adv-header-id-meta":"","stick-header-meta":"","header-above-stick-meta":"","header-main-stick-meta":"","header-below-stick-meta":"","astra-migrate-meta-layouts":"set","ast-page-background-enabled":"default","ast-page-background-meta":{"desktop":{"background-color":"","background-image":"","background-repeat":"repeat","background-position":"center center","background-size":"auto","background-attachment":"scroll","background-type":"","background-media":"","overlay-type":"","overlay-color":"","overlay-opacity":"","overlay-gradient":""},"tablet":{"background-color":"","background-image":"","background-repeat":"repeat","background-position":"center center","background-size":"auto","background-attachment":"scroll","background-type":"","background-media":"","overlay-type":"","overlay-color":"","overlay-opacity":"","overlay-gradient":""},"mobile":{"background-color":"","background-image":"","background-repeat":"repeat","background-position":"center center","background-size":"auto","background-attachment":"scroll","background-type":"","background-media":"","overlay-type":"","overlay-color":"","overlay-opacity":"","overlay-gradient":""}},"ast-content-background-meta":{"desktop":{"background-color":"var(--ast-global-color-5)","background-image":"","background-repeat":"repeat","background-position":"center center","background-size":"auto","background-attachment":"scroll","background-type":"","background-media":"","overlay-type":"","overlay-color":"","overlay-opacity":"","overlay-gradient":""},"tablet":{"background-color":"var(--ast-global-color-5)","background-image":"","background-repeat":"repeat","background-position":"center center","background-size":"auto","background-attachment":"scroll","background-type":"","background-media":"","overlay-type":"","overlay-color":"","overlay-opacity":"","overlay-gradient":""},"mobile":{"background-color":"var(--ast-global-color-5)","background-image":"","background-repeat":"repeat","background-position":"center center","background-size":"auto","background-attachment":"scroll","background-type":"","background-media":"","overlay-type":"","overlay-color":"","overlay-opacity":"","overlay-gradient":""}},"footnotes":""},"class_list":["post-25407","page","type-page","status-publish","hentry"],"aioseo_notices":[],"uagb_featured_image_src":{"full":false,"thumbnail":false,"medium":false,"medium_large":false,"large":false,"1536x1536":false,"2048x2048":false,"trp-custom-language-flag":false,"mailpoet_newsletter_max":false,"woocommerce_thumbnail":false,"woocommerce_single":false,"woocommerce_gallery_thumbnail":false},"uagb_author_info":{"display_name":"Agnieszka Kossakowska","author_link":"https:\/\/kftitration.com\/es\/author\/aga-cobalticgmail-com"},"uagb_comment_info":0,"uagb_excerpt":"Everything About Karl Fischer Titration Meet Your Karl Fischer Titration Expert Hi! My name is Agnieszka Kossakowska, but everyone calls me Aga. You may already know me from my previous work at Honeywell Research Chemicals (as KFT expert) or Sigma-Aldrich (as sales representative). Thousands of meetings and hundreds of trainings created in my mind a&hellip;","_links":{"self":[{"href":"https:\/\/kftitration.com\/es\/wp-json\/wp\/v2\/pages\/25407","targetHints":{"allow":["GET"]}}],"collection":[{"href":"https:\/\/kftitration.com\/es\/wp-json\/wp\/v2\/pages"}],"about":[{"href":"https:\/\/kftitration.com\/es\/wp-json\/wp\/v2\/types\/page"}],"author":[{"embeddable":true,"href":"https:\/\/kftitration.com\/es\/wp-json\/wp\/v2\/users\/1"}],"replies":[{"embeddable":true,"href":"https:\/\/kftitration.com\/es\/wp-json\/wp\/v2\/comments?post=25407"}],"version-history":[{"count":94,"href":"https:\/\/kftitration.com\/es\/wp-json\/wp\/v2\/pages\/25407\/revisions"}],"predecessor-version":[{"id":29598,"href":"https:\/\/kftitration.com\/es\/wp-json\/wp\/v2\/pages\/25407\/revisions\/29598"}],"wp:attachment":[{"href":"https:\/\/kftitration.com\/es\/wp-json\/wp\/v2\/media?parent=25407"}],"curies":[{"name":"wp","href":"https:\/\/api.w.org\/{rel}","templated":true}]}}